{"id":1375,"date":"2013-11-25T17:23:11","date_gmt":"2013-11-25T16:23:11","guid":{"rendered":"http:\/\/www.mediaarthistory.org\/?page_id=1375"},"modified":"2016-07-19T11:01:43","modified_gmt":"2016-07-19T10:01:43","slug":"recreate-2015","status":"publish","type":"page","link":"https:\/\/www.mediaarthistory.org\/?page_id=1375","title":{"rendered":"RE-CREATE 2015"},"content":{"rendered":"<h2 style=\"line-height: 30px;\">Re-Create: Theories, Methods and Practices of Research-Creation in the\u00a0Histories of Media Art, Science and Technology<\/h2>\n<h2 style=\"line-height: 30px;\">Montr\u00e9al, 5-8 November 2015<\/h2>\n<p><a title=\"RE-CREATE 2015 \u2013 French\" href=\"http:\/\/www.mediaarthistory.org\/recreate-2015\/re-create-2015-french\">Version fran\u00e7aise<\/a><\/p>\n<p><strong>EVENT OVERVIEW<\/strong><\/p>\n<p><strong>MAH Re-CREATE 2015 will take place from November 5-8<br \/>\n<\/strong>November 5-6-7-8 at Universit\u00e9 du Qu\u00e9bec \u00e0 Montr\u00e9al, Agora Hydro-Qu\u00e9bec,\u00a0Coeur des Sciences, 175, avenue du Pr\u00e9sident-Kennedy, Montr\u00e9al<br \/>\nExhibition openings and reception on November 5 at Concordia \u00a0University, E.V. building, 1515 Ste-Catherine West, Montr\u00e9al<br \/>\nBoth venues are in close proximity of each other, downtown Montreal.<\/p>\n<p>The conference will include individual\u00a0<strong>plenary sessions of individual and panel presentations, three keynotes<\/strong>\u00a0held on and off site. A series of on site\u00a0<strong>workshops\u00a0<\/strong>will provide opportunities for participants to engage in discussions driven by on-site creative making and experimentation, mediated by practitioners and educators.<\/p>\n<hr \/>\n<p><strong>Re-Create 2015<\/strong> will mark the 10th Anniversary of the International Conference on the Histories of Media Art, Science and Technology. \u2028The conference will be hosted by two Hexagram sites at Concordia University and Universit\u00e9 du Qu\u00e9bec \u00e0 Montr\u00e9al (UQAM), core antennas of the largest network dedicated to research-based creative practice in media art, design and technology. The venues are centrally located in vibrant, downtown Montr\u00e9al \u2013 the digital arts capital of North America.<\/p>\n<p>The conference returns to Canada since the inaugural event Refresh! in Banff in 2005 to reflect on and re-examine topics of driving concern that have continually arisen at the previous MAH editions in Berlin (2007), Melbourne (2009), Liverpool (2011) and Riga (2013). The entanglements among practice, theory and method within media art, design, science and technology are increasingly critical to academic and cultural milieus. Concurrently, the inclusion of artistic disciplines involving technological-cultural instruments, concepts and methods is increasingly supported internationally by granting agencies and policy bodies. This has facilitated the emergence of practice-driven research paradigms, along with questions of method, validation, opportunities and problematics that such paradigms imply. Re-Create 2015 seeks to broadly interrogate the historical entanglements of practice-driven research within a wide and diverse set of international sites, disciplines and contexts related to the intertwined histories of media art, science and technology.<\/p>\n<p>Originating in Qu\u00e9bec, Research-Creation is part of the growing global movement in university research contexts to embrace creative practice as a legitimate form of knowledge production within new knowledge societies. Research-Creation is a developing research trend linking the interpretive disciplines (humanities and social sciences) with creative ones (art and design) that involves the creation of knowledge in and through creative material and performative practice. Since 2001, Research-Creation within Hexagram specifically has played a major role in Qu\u00e9bec and Canada enabling and sustaining new forms of art, design and performance to emerge within the framework of technological culture. The theme of Re-Create 2015 continues methodological discussions that Hexagram has conducted over many years involving a range of international scholars, practitioners and local research council policy makers. Re-Create conference thus follows up and extends those discussions by focusing on six core thematic questions:<\/p>\n<p><strong>(1).\u00a0Theoretical Currents<\/strong><span style=\"font-weight: 400;\">\u00a0:<\/span><strong><span style=\"font-weight: 400;\">\u00a0<\/span><span style=\"font-weight: 400;\">How do the Senses, Animals and the Apocalypse inform research-creation practices ?<br \/>\n<\/span><\/strong><\/p>\n<p><strong>(2).\u00a0<span style=\"font-weight: 400;\"><strong>Site<\/strong><\/span>s<\/strong><span style=\"font-weight: 400;\">\u00a0:<\/span><strong><span style=\"font-weight: 400;\">\u00a0<\/span><span style=\"font-weight: 400;\">How have sites of research and practice evolved in\u00a0<\/span><span style=\"font-weight: 400;\">Latin America, Eastern Europe, Japan, Sweden and Indigenous Cultures?<br \/>\n<\/span><\/strong><\/p>\n<p><strong>(3).\u00a0<span style=\"font-weight: 400;\"><strong>Histories of the Studio La<\/strong><\/span>b<\/strong><span style=\"font-weight: 400;\">\u00a0:<\/span><strong><span style=\"font-weight: 400;\">\u00a0<\/span><span style=\"font-weight: 400;\">How have Australian, British, Canadian and American artists historically worked in academia, industry and generative art?<\/span><\/strong><\/p>\n<p><strong>(4).\u00a0New Methods :\u00a0<\/strong><span style=\"font-weight: 400;\">What can the concept of co-production (STS),\u00a0<\/span><i>musique concr\u00e8te,\u00a0<\/i><span style=\"font-weight: 400;\">\u00a0intersectionality theory and critical race studies, as well as the debates about the \u201cpractice turn\u201d in higher education provide to the historical and critical positioning of practice?<\/span><\/p>\n<p><strong>(5).\u00a0<span style=\"font-weight: 400;\"><strong>Digital Humanities and Critical Practices :<\/strong>\u00a0What are the challenges and the future of transdisciplinary collaboration? What can media archeology do for the humanities and contemporary academic culture? How has failure impacted practice-led research<\/span><span style=\"font-weight: 400;\">?<\/span><\/strong><\/p>\n<p><strong>(6).\u00a0Curatorial Actions and Practices :\u00a0<\/strong><span style=\"font-weight: 400;\">How have philosophy, industrial creation, feminism, sound and \u201cimageness\u201d historically entered into curatorial practices?<\/span><\/p>\n<p>Program Chair: Dr. Christopher Salter, Co-Director, Hexagram; Associate Professor Design and Computation Arts, Faculty of Fine Arts, Concordia University<\/p>\n<p>Co-Program Chair: Gis\u00e8le Trudel, Professor, \u00a0School of Visual and Media Arts, Arts Faculty, University of Qu\u00e9bec at Montreal. Trudel is the former Director of Hexagram-UQAM (2011-13) and Co-Director of Hexagram (2012-15).<\/p>\n<p>&nbsp;<\/p>\n<p><strong>PRE-CONFERENCE EVENTS<\/strong><\/p>\n<p><strong>The Emerging Researchers\u2019 symposium and the Bridge panel session<\/strong><\/p>\n<p>A special one-day pre-conference event will take place on <strong>November 4, 2015: <a href=\"http:\/\/emergingresearchers-mah2015.org\" target=\"_blank\">The Emerging Researchers (ER) symposium<\/a><\/strong>, organized and peer-reviewed by PhD students. The ER Symposium highlights the contributions of new scholars in the expanding interdisciplinary domain of media art histories and focuses on questions of interdisciplinarity, institutional versus anti-institutional research-driven practice, and the entanglements of infrastructure, funding, power and tradition that have historically grounded \u201cresearch.\u201d The symposium will be a unique opportunity for graduate students, recent PhDs and Postdocs as well as emerging practitioners outside of the academic milieu, to present their research and practices in the context of an international community of scholars and students, expand on and exchange ideas in working groups and receive feedback from established mentor experts in the field.<\/p>\n<p>For the first time, the organizers of the International Conference series on the Histories of Media Art, Science and Technology in affiliation with Leonardo\/ISAST, a driving force leading the field, is offering a scholarship in recognition of the best presentation at the Emerging Researchers\u2019 Symposium in collaboration with Media Art Histories Re-Create 2015. The recipient will be awarded $1000 CAN to support their ongoing research. The award will be presented at the opening of Re-Create, November 5th. The scholarship is generously donated by Leonardo\/ISAST and the editors of <i>Relive: Media Art Histories<\/i> (Leonardo Book Series, MIT Press,\u00a0<a href=\"https:\/\/owa.concordia.ca\/owa\/redir.aspx?C=tLHIGCyC80KM9x_eQV0E-kpyj7yyYNIIIx1sLVfY7FQtYhVR-n9yvqo7mxUV2_ryv2elUPT1FMw.&amp;URL=http%3a%2f%2fwww.mitpress.mit.edu%2fbooks%2frelive\">www.mitpress.mit.edu\/books\/relive<\/a>).<\/p>\n<p>On the morning of the opening of the main conference (November 5th), a special <strong>\u201cBridge\u201d panel session<\/strong>, moderated by KDMI Senior Fellow (U Toronto) Nina Czegledy, will create a link between the ER symposium and the Re-Create main conference.Featuring graduate student participants from the ER and expert mentors, this session will summarize the results of the ER conference and \u201cbridge\u201d them in relation to MAH\u2019s themes.<\/p>\n<p><strong>SATELLITE EVENTS<\/strong><\/p>\n<p>We encourage delegates to discover the vibrant Montreal media arts culture. During the week of MAH Re-Create 2015, several <strong>satellite events<\/strong> are being planned in collaboration with local cultural organizations. These include the Faculty of Fine Arts (FOFA) Gallery, Galerie de l\u2019UQAM, Oboro, SAT, Elektra\/BIAN, Canadian Center for Architecture, the Goethe Institut, the Mus\u00e9e d\u2019art contemporain, and the Montreal Museum of Fine Arts. Several book and special editions will be launched during MAH, including a special dedicated edition on the methodologies of research-creation by <i>Media<\/i>&#8211;<i>N<\/i>, the Journal of the New Media Caucus.<\/p>\n<p>&nbsp;<\/p>\n<p><strong>VENUES\/LIEUX<\/strong><\/p>\n<p>Chaufferie \u2013 Registration room\/Salle d\u2019accueil,\u00a0Complexe du Coeur des sciences, Hexagram-UQAM<br \/>\nCoeur des Sciences, 175, avenue du Pr\u00e9sident-Kennedy.<\/p>\n<p>Agora Hydro-Qu\u00e9bec, Complexe du Coeur des sciences, Hexagram-UQAM<br \/>\nCoeur des Sciences, 175, avenue du Pr\u00e9sident-Kennedy.<\/p>\n<p>Salle d\u2019exp\u00e9rimentation, Pavillon des Sciences biologiques (SB)\u00a0, Hexagram-UQAM<br \/>\nroom 4125 (4th floor), 141 avenue du Pr\u00e9sident-Kennedy.<\/p>\n<p>Hall Building, Concordia University<br \/>\nroom H-110, 1455 De Maisonneuve Blvd. W.<\/p>\n<p>FOFA Gallery and York Vitrine, EV Building, Concordia University<br \/>\nBlackBox, Hexagram-Concordia, EV Building<br \/>\nE.V. building, 1515 Ste-Catherine West, Montr\u00e9al<\/p>\n","protected":false},"excerpt":{"rendered":"<p>Re-Create: Theories, Methods and Practices of Research-Creation in the\u00a0Histories of Media Art, Science and Technology Montr\u00e9al, 5-8 November 2015 Version fran\u00e7aise EVENT OVERVIEW MAH Re-CREATE 2015 will take place from November 5-8 November 5-6-7-8 at Universit\u00e9 du Qu\u00e9bec \u00e0 Montr\u00e9al, Agora Hydro-Qu\u00e9bec,\u00a0Coeur des Sciences, 175, avenue du Pr\u00e9sident-Kennedy, Montr\u00e9al Exhibition openings and reception on November 5 at Concordia \u00a0University, E.V. building, 1515 Ste-Catherine West, Montr\u00e9al Both venues are in close proximity of each other, downtown Montreal. The conference will include individual\u00a0plenary sessions of individual and panel presentations, three keynotes\u00a0held on and off site. A series of on site\u00a0workshops\u00a0will provide opportunities for participants to engage in discussions driven by on-site creative making and experimentation, mediated by practitioners and educators. Re-Create 2015 will mark the 10th Anniversary of the International Conference on the Histories of Media Art, Science and Technology. \u2028The conference will be hosted by two Hexagram sites at Concordia University and Universit\u00e9 du Qu\u00e9bec \u00e0 Montr\u00e9al (UQAM), core antennas of the largest network dedicated to research-based creative practice in media art, design and technology. The venues are centrally located in vibrant, downtown Montr\u00e9al \u2013 the digital arts capital of North America. The conference returns to Canada since the inaugural event Refresh! in Banff in 2005 to reflect on and re-examine topics of driving concern that have continually arisen at the previous MAH editions in Berlin (2007), Melbourne (2009), Liverpool (2011) and Riga (2013). The entanglements among practice, theory and method within media art, design, science and technology are increasingly critical to academic and cultural milieus. Concurrently, the inclusion of artistic disciplines involving technological-cultural instruments, concepts and methods is increasingly supported internationally by granting agencies and policy bodies. This has facilitated the emergence of practice-driven research paradigms, along with questions of method, validation, opportunities and problematics that such paradigms imply. Re-Create 2015 seeks to broadly interrogate the historical entanglements of practice-driven research within a wide and diverse set of international sites, disciplines and contexts related to the intertwined histories of media art, science and technology. Originating in Qu\u00e9bec, Research-Creation is part of the growing global movement in university research contexts to embrace creative practice as a legitimate form of knowledge production within new knowledge societies. Research-Creation is a developing research trend linking the interpretive disciplines (humanities and social sciences) with creative ones (art and design) that involves the creation of knowledge in and through creative material and performative practice. Since 2001, Research-Creation within Hexagram specifically has played a major role in Qu\u00e9bec and Canada enabling and sustaining new forms of art, design and performance to emerge within the framework of technological culture. The theme of Re-Create 2015 continues methodological discussions that Hexagram has conducted over many years involving a range of international scholars, practitioners and local research council policy makers. Re-Create conference thus follows up and extends those discussions by focusing on six core thematic questions: (1).\u00a0Theoretical Currents\u00a0:\u00a0How do the Senses, Animals and the Apocalypse inform research-creation practices ? (2).\u00a0Sites\u00a0:\u00a0How have sites of research and practice evolved in\u00a0Latin America, Eastern Europe, Japan, Sweden and Indigenous Cultures? (3).\u00a0Histories of the Studio Lab\u00a0:\u00a0How have Australian, British, Canadian and American artists historically worked in academia, industry and generative art? (4).\u00a0New Methods :\u00a0What can the concept of co-production (STS),\u00a0musique concr\u00e8te,\u00a0\u00a0intersectionality theory and critical race studies, as well as the debates about the \u201cpractice turn\u201d in higher education provide to the historical and critical positioning of practice? (5).\u00a0Digital Humanities and Critical Practices :\u00a0What are the challenges and the future of transdisciplinary collaboration? What can media archeology do for the humanities and contemporary academic culture? How has failure impacted practice-led research? (6).\u00a0Curatorial Actions and Practices :\u00a0How have philosophy, industrial creation, feminism, sound and \u201cimageness\u201d historically entered into curatorial practices? Program Chair: Dr. Christopher Salter, Co-Director, Hexagram; Associate Professor Design and Computation Arts, Faculty of Fine Arts, Concordia University Co-Program Chair: Gis\u00e8le Trudel, Professor, \u00a0School of Visual and Media Arts, Arts Faculty, University of Qu\u00e9bec at Montreal. Trudel is the former Director of Hexagram-UQAM (2011-13) and Co-Director of Hexagram (2012-15). &nbsp; PRE-CONFERENCE EVENTS The Emerging Researchers\u2019 symposium and the Bridge panel session A special one-day pre-conference event will take place on November 4, 2015: The Emerging Researchers (ER) symposium, organized and peer-reviewed by PhD students. The ER Symposium highlights the contributions of new scholars in the expanding interdisciplinary domain of media art histories and focuses on questions of interdisciplinarity, institutional versus anti-institutional research-driven practice, and the entanglements of infrastructure, funding, power and tradition that have historically grounded \u201cresearch.\u201d The symposium will be a unique opportunity for graduate students, recent PhDs and Postdocs as well as emerging practitioners outside of the academic milieu, to present their research and practices in the context of an international community of scholars and students, expand on and exchange ideas in working groups and receive feedback from established mentor experts in the field. For the first time, the organizers of the International Conference series on the Histories of Media Art, Science and Technology in affiliation with Leonardo\/ISAST, a driving force leading the field, is offering a scholarship in recognition of the best presentation at the Emerging Researchers\u2019 Symposium in collaboration with Media Art Histories Re-Create 2015. The recipient will be awarded $1000 CAN to support their ongoing research. The award will be presented at the opening of Re-Create, November 5th. The scholarship is generously donated by Leonardo\/ISAST and the editors of Relive: Media Art Histories (Leonardo Book Series, MIT Press,\u00a0www.mitpress.mit.edu\/books\/relive). On the morning of the opening of the main conference (November 5th), a special \u201cBridge\u201d panel session, moderated by KDMI Senior Fellow (U Toronto) Nina Czegledy, will create a link between the ER symposium and the Re-Create main conference.Featuring graduate student participants from the ER and expert mentors, this session will summarize the results of the ER conference and \u201cbridge\u201d them in relation to MAH\u2019s themes. SATELLITE EVENTS We encourage delegates to discover the vibrant Montreal media arts culture. During the week of MAH Re-Create 2015, several satellite events are being planned in collaboration with local cultural organizations. These include the Faculty of Fine [&hellip;]<\/p>\n","protected":false},"author":1,"featured_media":0,"parent":0,"menu_order":52,"comment_status":"closed","ping_status":"closed","template":"","meta":[],"_links":{"self":[{"href":"https:\/\/www.mediaarthistory.org\/index.php?rest_route=\/wp\/v2\/pages\/1375"}],"collection":[{"href":"https:\/\/www.mediaarthistory.org\/index.php?rest_route=\/wp\/v2\/pages"}],"about":[{"href":"https:\/\/www.mediaarthistory.org\/index.php?rest_route=\/wp\/v2\/types\/page"}],"author":[{"embeddable":true,"href":"https:\/\/www.mediaarthistory.org\/index.php?rest_route=\/wp\/v2\/users\/1"}],"replies":[{"embeddable":true,"href":"https:\/\/www.mediaarthistory.org\/index.php?rest_route=%2Fwp%2Fv2%2Fcomments&post=1375"}],"version-history":[{"count":59,"href":"https:\/\/www.mediaarthistory.org\/index.php?rest_route=\/wp\/v2\/pages\/1375\/revisions"}],"predecessor-version":[{"id":2277,"href":"https:\/\/www.mediaarthistory.org\/index.php?rest_route=\/wp\/v2\/pages\/1375\/revisions\/2277"}],"wp:attachment":[{"href":"https:\/\/www.mediaarthistory.org\/index.php?rest_route=%2Fwp%2Fv2%2Fmedia&parent=1375"}],"curies":[{"name":"wp","href":"https:\/\/api.w.org\/{rel}","templated":true}]}}