{"id":2215,"date":"2016-03-30T18:23:45","date_gmt":"2016-03-30T17:23:45","guid":{"rendered":"http:\/\/www.mediaarthistory.org\/?page_id=2215"},"modified":"2016-03-30T20:35:12","modified_gmt":"2016-03-30T19:35:12","slug":"re-create-2015-documentation","status":"publish","type":"page","link":"https:\/\/www.mediaarthistory.org\/?page_id=2215","title":{"rendered":"Re-Create 2015 : Documentation"},"content":{"rendered":"<p>From November 4 to 8, 2015, Concordia University and UQAM hosted the 6th edition of the prestigious international conference\u00a0<a href=\"http:\/\/www.mediaarthistory.org\/\">Media Art Histories<\/a>\u00a0(MAH). The Montreal edition was titled\u00a0<strong><a href=\"http:\/\/www.hexagram.ca\/en\/activities\/re-create-2015\/\">Re-Create 2015 : Theories, Methods and Practices of Research-Creation in the Histories of Media Art, Science and Technology<\/a><\/strong>.<br \/>\nIn collaboration with Re-Create 2015, the\u00a0<strong>Emerging Researchers\u2019 Symposium<\/strong>\u00a0on November 4th highlighted the contributions of emerging artists and scholars to the growing interdisciplinary field of research and creation. With nearly 40 participants, the symposium was a unique opportunity for graduate students to partake in critical discussions on practice, research and media in their different forms, as these structures develop and are questioned.<\/p>\n<p>Links to the photographic and video documentation of the event are available on the <a href=\"http:\/\/www.hexagram.ca\/en\/news\/re-create-2015-documentation\/\" target=\"_blank\">Hexagram Network website<\/a>, co-producer of MAH Re-Create 2015.<\/p>\n<p><em>[Fran\u00e7ais]<\/em><br \/>\nDu 4 au 8 novembre 2015, l\u2019Universit\u00e9 du Qu\u00e9bec \u00e0 Montr\u00e9al (UQAM) et l\u2019Universit\u00e9 Concordia ont accueilli le prestigieux colloque international intitul\u00e9 Re-Create 2015 : Th\u00e9ories, m\u00e9thodes et pratiques de recherche-cr\u00e9ation dans l\u2019histoire des arts, des sciences et des technologies m\u00e9diatiques, le 6e colloque international de Media Art Histories.<br \/>\nEn collaboration avec Re-Create 2015, le Symposium des chercheurs \u00e9mergents du 4 novembre a vis\u00e9 la contribution de la rel\u00e8ve artistique et scientifique au domaine interdisciplinaire en pleine croissance de la recherche-cr\u00e9ation.<\/p>\n<p>La documentation photographique et vid\u00e9o est accessible sur le <a href=\"http:\/\/www.hexagram.ca\/en\/news\/re-create-2015-documentation\/\" target=\"_blank\">site Web du r\u00e9seau Hexagram<\/a>, coproducteur de MAH Re-Create 2015.<br \/>\n&#8212;<\/p>\n<p><strong>Media Art Histories Re-Create 2015 Team \/ \u00c9quipe<\/strong><\/p>\n<p><strong>MAH Re-Create 2015 Co-Chairs \/ Codirecteurs <\/strong><br \/>\nChris SALTER, Co-Director\/Codirecteur. Hexagram; Associate Professor. Design and Computation Arts, Faculty of Fine Arts, Concordia University<br \/>\nGis\u00e8le TRUDEL, Professor\/Professeure. \u00c9cole des arts visuels et m\u00e9diatiques, Facult\u00e9 des Arts, University du Qu\u00e9bec \u00e0 Montreal (UQAM); Director\/Directrice, Hexagram UQAM (2011-13); Co-Director\/Codirectrice, Hexagram (2012-15).<\/p>\n<p><strong>Conference Manager MAH Re-Create 2015 \/ Responsable du Colloque <\/strong><br \/>\nManuelle FREIRE, PhD Candidate \/ Doctorante. Art Education, Concordia University<\/p>\n<p><strong>MAH Re-Create 2015 Local organizing Committee \/ Comit\u00e9 organisateur <\/strong><br \/>\nThierry BARDINI, Barbara CLAUSEN, Ricardo DAL FARRA, Jean DUBOIS, Jean GAGNON, Alice MING WAI JIM, Jonathan LESSARD, Jason LEWIS, Louise POISSANT, Cheryl SIM, Jonathan STERNE, Alain THIBAULT<\/p>\n<p><strong>MAH Re-Create 2015 Local Programming Committee \/ Comit\u00e9 \u00e0 la programmation <\/strong><br \/>\nSandeep BHAGWATI, Bart SIMON, Yan BREULEUX, Jean-Claude BUSTROS, Mia CONSALVO, Thomas CORRIVEAU, Mario C\u00d4T\u00c9, Nina CZEGLEDY, Louise D\u00c9RY, Tagny DUFF, Joanne LALONDE, Thomas LAMARRE, Paul LANDON, Krista LYNES, Erin MANNING, Brian MASSUMI, Marc STEINBERG, Jonathan STERNE, Mark SUSSMAN, Kelly THOMPSON, Eldad TSABARY<\/p>\n<p><strong>MAH Re-Create 2015 International Advisory Board \/ Comit\u00e9 consultatif <\/strong><br \/>\nMarie-Luise ANGERER, Monika BAKKE, Samuel BIANCHINI, Georgina BORN, Andreas BROECKMANN, Annick BUREAUD, Michael CENTURY, Joel CHADABE, Dooeun CHOI, Ian CLOTHIER, Sarah COOK, Nina CZEGLEDY, Sara DIAMOND, Diana DOMINGUES, Jean-Paul FOURMENTRAUX, Zhang GA, Sebastien GENVO, Orit HALPERN, Jens HAUSER, Denisa KERA, Felipe Cesar LONDONO, Natalie LOVELESS, Glenn LOWRY, Rafael LOZANO-HEMMER, Jung-Yeon MA, Roger MALINA, Sally Jane NORMAN, Nicolas NOVA, Jussi PARIKKA, Christiane PAUL, Simon PENNY, Andrew PICKERING, Sundar SARUKKAI, Michel VAN DARTEL, Ionat ZURR<\/p>\n<p><strong>Bridge Leader \/ Responsable <\/strong><br \/>\nNina CZEGLEDY, Senior Fellow, Knowledge Media Design Institute, University of Toronto<\/p>\n<p><strong>Emerging Researchers\u2019 Symposium Manager \/ Responsable du Symposium des chercheurs \u00e9mergents \/ <\/strong><br \/>\nC\u00e9cile MARTIN, PhD Student \/ \u00c9tudiante au doctorat. Humanities, Centre for Interdisciplinary Studies in Society and Culture, Concordia University<\/p>\n<p><strong>Emerging Researchers\u2019 Symposium Organizing Committee \/ Comit\u00e9 Organisateur du Symposium des chercheurs \u00e9mergents<\/strong><br \/>\nAur\u00e9lie BESSON, PhD Student \/ \u00c9tudiante au doctorat. \u00c9tudes et pratiques des arts, Facult\u00e9 des arts, Universit\u00e9 du Qu\u00e9bec \u00e0 Montr\u00e9al (UQAM)<br \/>\nDana SAMUEL, PhD Candidate\/ \u00c9tudiante au doctorat. Humanities, Centre for Interdisciplinary Studies in Society and Culture (CISSC), Faculty of Fine Arts, Concordia University<br \/>\nEmre S\u00dcNTER, PhD Student \/ \u00c9tudiant au doctorat. Doctorat en communication, Facult\u00e9 des arts et des sciences, D\u00e9partement en communication, Universit\u00e9 de Montr\u00e9al (UdeM)<br \/>\nErandy VERGARA-VARGAS, PhD Student \/ \u00c9tudiante au doctorat. Department of Art History and Communication Studies, McGill University<br \/>\nFrances CULLEN, PhD Student \/ \u00c9tudiante au doctorat. Department of Art History and Communication Studies, McGill University<br \/>\nKarelle ARSENAULT, PhD Student \/ \u00c9tudiante au doctorat, Doctorat en communication, Universit\u00e9 du Qu\u00e9bec \u00e0 Montr\u00e9al (UQAM)<br \/>\nMikhel PROULX, PhD Student\/ \u00c9tudiant au doctorat. Interuniversity Doctoral Program in Art History, Concordia University<br \/>\nPamela TUDGE, PhD Student \/ \u00c9tudiante au doctorat. Fine Arts Individualized (INDI) Programme, School of Graduate Studies, Concordia University<\/p>\n<p><strong>Emerging Researchers\u2019 Symposium Reviewing Committee \/Comit\u00e9 Examinateur du Symposium des chercheurs \u00e9mergents <\/strong><br \/>\nAshley MCASKILL, Chantale POTIE, Erandy VERGARA-VARGAS, Fr\u00e9d\u00e9ric LAFLAMME, Jeidi MILLER, Ida TOFT, Jean-S\u00e9bastien S\u00c9N\u00c9CAL, Jean-Ambroise VESAC, Jean-Fran\u00e7ois MALOUIN, Jonathan BONNEAU, Julia SALLES, Justin BAILLARGEON, Lenka NOVAKOVA, Lorella ABENAVOLI, Louise BOISCLAIR, Manuelle FREIRE, Martin BEAULIEU, Rad GAGNON, Raphael BERG\u00c8RE, Santiago TAVERA, Shana COOPERSTEIN, Sylvain MAROTTE, Tawny ANDERSEN, Teva FLAMAN, WhiteFeather HUNTER<\/p>\n<p><strong> Technical Director \/ Directeur technique <\/strong><br \/>\nJason POMRENSKI<\/p>\n<p><strong> Lighting Design \/ Conception des \u00e9clairages <\/strong><br \/>\nHugo DALPHOND<\/p>\n<p><strong>Technicians \/ \u00c9quipe technique <\/strong><br \/>\nCarl ACKSYNZAK, Nans BORTUZZO, Laurence BOUTIN, Thomas GERMANAUD, Ariane LAMARRE, Jean-Francois GAGNON, Simon GAUDREAU, Laura GON\u00c7ALVES, Gisela RESTREPO, Pierre-Luc VAILLANCOURT, Harry SMOAK, Marc BEAULIEU<\/p>\n<p><strong>Hexagram-Network team \/ \u00c9quipe <\/strong><br \/>\nAlexandre JIMENEZ, Natalie LAFORTUNE, Andr\u00e9-\u00c9ric L\u00c9TOURNEAU, Cynthia NOURY, Lauren OSMOND<\/p>\n<p><strong>Hexagram-UQAM team \/ \u00c9quipe<\/strong><br \/>\nCatherine B\u00c9LIVEAU, Jean D\u00c9CARIE, Martin PELLETIER<\/p>\n<p><strong>Re-Create 2015 Partners \/ Partenaires <\/strong><br \/>\nHexagram Network (Fonds de Recherche du Qu\u00e9bec)<br \/>\nConcordia Office of Research<br \/>\nConcordia University Faculty of Fine Arts<br \/>\nUQAM, Facult\u00e9 des arts<br \/>\nUQAM, Doctorat en \u00e9tudes et pratiques des arts<br \/>\nUQAM &#8211; Concordia &#8211; Universit\u00e9 de Montr\u00e9al, Doctorat conjoint en communication<br \/>\nHexagram-UQAM<br \/>\nTourisme Montr\u00e9al<\/p>\n<p><strong>Media and Press relations \/ M\u00e9dias et relations de presse <\/strong><br \/>\nMarie MARAIS<\/p>\n<p><strong>Graphic Designer and Photographer \/ Designer graphique et photographe <\/strong><br \/>\nAur\u00e9lie PAINNEC\u00c9, M.A. Ma\u00eetrise en arts visuels et m\u00e9diatiques, UQAM<br \/>\nAlan AVORGBEDOR, PhD Student \/ \u00c9tudiant au doctorat. Humanities, Centre for Interdisciplinary Studies in Society and Culture, Concordia University<\/p>\n<p><strong>Communications Assistant \/ Assistante aux communications <\/strong><br \/>\nMaude JOHNSON, M.A.Student \/ \u00c9tudiante \u00e0 la Ma\u00eetrise. Art History, Concordia University<\/p>\n<p><strong>Assistant Coordinators \/ Assistantes \u00e0 la coordination <\/strong><br \/>\nGina FLORENCE, M.A.Student \/ \u00c9tudiante \u00e0 la Ma\u00eetrise. Art Education, Concordia University<br \/>\n\u00c9milie MONTEIRO, M.A.Student \/ \u00c9tudiante \u00e0 la Ma\u00eetrise. Art History, UQAM<\/p>\n<p><strong>Volunteers Coordinator \/ Coordinatrice des b\u00e9n\u00e9voles <\/strong><br \/>\nEmilie ST.HILAIRE, PhD Student \/ \u00c9tudiante au doctorat. Humanities, Centre for Interdisciplinary Studies in Society and Culture, Concordia University<\/p>\n<p><strong> Volunteers \/ B\u00e9n\u00e9voles <\/strong><br \/>\nSherry BABADJANOV, Hilary BERGEN, Darina BLASZCZYK, Fran\u00e7ois BOISANT\u00c9, Angela CARDONA, Kara CRABB, Alexis-John DE LOS REYES, Luciano FRIZZERA, Islandia GUZMAN, Dima ISSA, Andrew HAGGARD, Eli LARIN, Van LE, Rose LEMAIRE, Thungashree MARAGOWDANAHALLI, Mathieu MARIN, Nina MOURTADA, Luz OXTOA, Milo REINHARDT, Nina ROBERTSON, Naziha SAID, Amir SALAR ASHRAFI, Shamsa SHEIKH, Pam\u00e9la SIMARD, Kalthoum SITTA, Dali WU<\/p>\n<p><strong>Hexagram Blogueurs \/ Hexagram Bloggers<\/strong><br \/>\nC\u00e9cile MARTIN, Karelle ARSENAULT, Camille COURIER DE M\u00c9R\u00c9, C\u00e9cile MARTIN, Elise ARCA, Emre S\u00dcNTER,<br \/>\nErandy VERGARAS-VARGAS, Lucile HAUTE, Karelle ARSENAULT, Lois KLASSEN, Pamela TUDGE, Chantal PROVOST, Ashley SCARLETT, Megan TOYE<\/p>\n","protected":false},"excerpt":{"rendered":"<p>From November 4 to 8, 2015, Concordia University and UQAM hosted the 6th edition of the prestigious international conference\u00a0Media Art Histories\u00a0(MAH). The Montreal edition was titled\u00a0Re-Create 2015 : Theories, Methods and Practices of Research-Creation in the Histories of Media Art, Science and Technology. In collaboration with Re-Create 2015, the\u00a0Emerging Researchers\u2019 Symposium\u00a0on November 4th highlighted the contributions of emerging artists and scholars to the growing interdisciplinary field of research and creation. With nearly 40 participants, the symposium was a unique opportunity for graduate students to partake in critical discussions on practice, research and media in their different forms, as these structures develop and are questioned. Links to the photographic and video documentation of the event are available on the Hexagram Network website, co-producer of MAH Re-Create 2015. [Fran\u00e7ais] Du 4 au 8 novembre 2015, l\u2019Universit\u00e9 du Qu\u00e9bec \u00e0 Montr\u00e9al (UQAM) et l\u2019Universit\u00e9 Concordia ont accueilli le prestigieux colloque international intitul\u00e9 Re-Create 2015 : Th\u00e9ories, m\u00e9thodes et pratiques de recherche-cr\u00e9ation dans l\u2019histoire des arts, des sciences et des technologies m\u00e9diatiques, le 6e colloque international de Media Art Histories. En collaboration avec Re-Create 2015, le Symposium des chercheurs \u00e9mergents du 4 novembre a vis\u00e9 la contribution de la rel\u00e8ve artistique et scientifique au domaine interdisciplinaire en pleine croissance de la recherche-cr\u00e9ation. La documentation photographique et vid\u00e9o est accessible sur le site Web du r\u00e9seau Hexagram, coproducteur de MAH Re-Create 2015. &#8212; Media Art Histories Re-Create 2015 Team \/ \u00c9quipe MAH Re-Create 2015 Co-Chairs \/ Codirecteurs Chris SALTER, Co-Director\/Codirecteur. Hexagram; Associate Professor. Design and Computation Arts, Faculty of Fine Arts, Concordia University Gis\u00e8le TRUDEL, Professor\/Professeure. \u00c9cole des arts visuels et m\u00e9diatiques, Facult\u00e9 des Arts, University du Qu\u00e9bec \u00e0 Montreal (UQAM); Director\/Directrice, Hexagram UQAM (2011-13); Co-Director\/Codirectrice, Hexagram (2012-15). Conference Manager MAH Re-Create 2015 \/ Responsable du Colloque Manuelle FREIRE, PhD Candidate \/ Doctorante. Art Education, Concordia University MAH Re-Create 2015 Local organizing Committee \/ Comit\u00e9 organisateur Thierry BARDINI, Barbara CLAUSEN, Ricardo DAL FARRA, Jean DUBOIS, Jean GAGNON, Alice MING WAI JIM, Jonathan LESSARD, Jason LEWIS, Louise POISSANT, Cheryl SIM, Jonathan STERNE, Alain THIBAULT MAH Re-Create 2015 Local Programming Committee \/ Comit\u00e9 \u00e0 la programmation Sandeep BHAGWATI, Bart SIMON, Yan BREULEUX, Jean-Claude BUSTROS, Mia CONSALVO, Thomas CORRIVEAU, Mario C\u00d4T\u00c9, Nina CZEGLEDY, Louise D\u00c9RY, Tagny DUFF, Joanne LALONDE, Thomas LAMARRE, Paul LANDON, Krista LYNES, Erin MANNING, Brian MASSUMI, Marc STEINBERG, Jonathan STERNE, Mark SUSSMAN, Kelly THOMPSON, Eldad TSABARY MAH Re-Create 2015 International Advisory Board \/ Comit\u00e9 consultatif Marie-Luise ANGERER, Monika BAKKE, Samuel BIANCHINI, Georgina BORN, Andreas BROECKMANN, Annick BUREAUD, Michael CENTURY, Joel CHADABE, Dooeun CHOI, Ian CLOTHIER, Sarah COOK, Nina CZEGLEDY, Sara DIAMOND, Diana DOMINGUES, Jean-Paul FOURMENTRAUX, Zhang GA, Sebastien GENVO, Orit HALPERN, Jens HAUSER, Denisa KERA, Felipe Cesar LONDONO, Natalie LOVELESS, Glenn LOWRY, Rafael LOZANO-HEMMER, Jung-Yeon MA, Roger MALINA, Sally Jane NORMAN, Nicolas NOVA, Jussi PARIKKA, Christiane PAUL, Simon PENNY, Andrew PICKERING, Sundar SARUKKAI, Michel VAN DARTEL, Ionat ZURR Bridge Leader \/ Responsable Nina CZEGLEDY, Senior Fellow, Knowledge Media Design Institute, University of Toronto Emerging Researchers\u2019 Symposium Manager \/ Responsable du Symposium des chercheurs \u00e9mergents \/ C\u00e9cile MARTIN, PhD Student \/ \u00c9tudiante au doctorat. Humanities, Centre for Interdisciplinary Studies in Society and Culture, Concordia University Emerging Researchers\u2019 Symposium Organizing Committee \/ Comit\u00e9 Organisateur du Symposium des chercheurs \u00e9mergents Aur\u00e9lie BESSON, PhD Student \/ \u00c9tudiante au doctorat. \u00c9tudes et pratiques des arts, Facult\u00e9 des arts, Universit\u00e9 du Qu\u00e9bec \u00e0 Montr\u00e9al (UQAM) Dana SAMUEL, PhD Candidate\/ \u00c9tudiante au doctorat. Humanities, Centre for Interdisciplinary Studies in Society and Culture (CISSC), Faculty of Fine Arts, Concordia University Emre S\u00dcNTER, PhD Student \/ \u00c9tudiant au doctorat. Doctorat en communication, Facult\u00e9 des arts et des sciences, D\u00e9partement en communication, Universit\u00e9 de Montr\u00e9al (UdeM) Erandy VERGARA-VARGAS, PhD Student \/ \u00c9tudiante au doctorat. Department of Art History and Communication Studies, McGill University Frances CULLEN, PhD Student \/ \u00c9tudiante au doctorat. Department of Art History and Communication Studies, McGill University Karelle ARSENAULT, PhD Student \/ \u00c9tudiante au doctorat, Doctorat en communication, Universit\u00e9 du Qu\u00e9bec \u00e0 Montr\u00e9al (UQAM) Mikhel PROULX, PhD Student\/ \u00c9tudiant au doctorat. Interuniversity Doctoral Program in Art History, Concordia University Pamela TUDGE, PhD Student \/ \u00c9tudiante au doctorat. Fine Arts Individualized (INDI) Programme, School of Graduate Studies, Concordia University Emerging Researchers\u2019 Symposium Reviewing Committee \/Comit\u00e9 Examinateur du Symposium des chercheurs \u00e9mergents Ashley MCASKILL, Chantale POTIE, Erandy VERGARA-VARGAS, Fr\u00e9d\u00e9ric LAFLAMME, Jeidi MILLER, Ida TOFT, Jean-S\u00e9bastien S\u00c9N\u00c9CAL, Jean-Ambroise VESAC, Jean-Fran\u00e7ois MALOUIN, Jonathan BONNEAU, Julia SALLES, Justin BAILLARGEON, Lenka NOVAKOVA, Lorella ABENAVOLI, Louise BOISCLAIR, Manuelle FREIRE, Martin BEAULIEU, Rad GAGNON, Raphael BERG\u00c8RE, Santiago TAVERA, Shana COOPERSTEIN, Sylvain MAROTTE, Tawny ANDERSEN, Teva FLAMAN, WhiteFeather HUNTER Technical Director \/ Directeur technique Jason POMRENSKI Lighting Design \/ Conception des \u00e9clairages Hugo DALPHOND Technicians \/ \u00c9quipe technique Carl ACKSYNZAK, Nans BORTUZZO, Laurence BOUTIN, Thomas GERMANAUD, Ariane LAMARRE, Jean-Francois GAGNON, Simon GAUDREAU, Laura GON\u00c7ALVES, Gisela RESTREPO, Pierre-Luc VAILLANCOURT, Harry SMOAK, Marc BEAULIEU Hexagram-Network team \/ \u00c9quipe Alexandre JIMENEZ, Natalie LAFORTUNE, Andr\u00e9-\u00c9ric L\u00c9TOURNEAU, Cynthia NOURY, Lauren OSMOND Hexagram-UQAM team \/ \u00c9quipe Catherine B\u00c9LIVEAU, Jean D\u00c9CARIE, Martin PELLETIER Re-Create 2015 Partners \/ Partenaires Hexagram Network (Fonds de Recherche du Qu\u00e9bec) Concordia Office of Research Concordia University Faculty of Fine Arts UQAM, Facult\u00e9 des arts UQAM, Doctorat en \u00e9tudes et pratiques des arts UQAM &#8211; Concordia &#8211; Universit\u00e9 de Montr\u00e9al, Doctorat conjoint en communication Hexagram-UQAM Tourisme Montr\u00e9al Media and Press relations \/ M\u00e9dias et relations de presse Marie MARAIS Graphic Designer and Photographer \/ Designer graphique et photographe Aur\u00e9lie PAINNEC\u00c9, M.A. Ma\u00eetrise en arts visuels et m\u00e9diatiques, UQAM Alan AVORGBEDOR, PhD Student \/ \u00c9tudiant au doctorat. Humanities, Centre for Interdisciplinary Studies in Society and Culture, Concordia University Communications Assistant \/ Assistante aux communications Maude JOHNSON, M.A.Student \/ \u00c9tudiante \u00e0 la Ma\u00eetrise. Art History, Concordia University Assistant Coordinators \/ Assistantes \u00e0 la coordination Gina FLORENCE, M.A.Student \/ \u00c9tudiante \u00e0 la Ma\u00eetrise. Art Education, Concordia University \u00c9milie MONTEIRO, M.A.Student \/ \u00c9tudiante \u00e0 la Ma\u00eetrise. Art History, UQAM Volunteers Coordinator \/ Coordinatrice des b\u00e9n\u00e9voles Emilie ST.HILAIRE, PhD Student \/ \u00c9tudiante au doctorat. Humanities, Centre for Interdisciplinary Studies in Society and Culture, Concordia University Volunteers \/ B\u00e9n\u00e9voles Sherry BABADJANOV, Hilary BERGEN, Darina BLASZCZYK, Fran\u00e7ois BOISANT\u00c9, Angela CARDONA, Kara [&hellip;]<\/p>\n","protected":false},"author":1,"featured_media":0,"parent":1375,"menu_order":8,"comment_status":"closed","ping_status":"closed","template":"","meta":[],"_links":{"self":[{"href":"https:\/\/www.mediaarthistory.org\/index.php?rest_route=\/wp\/v2\/pages\/2215"}],"collection":[{"href":"https:\/\/www.mediaarthistory.org\/index.php?rest_route=\/wp\/v2\/pages"}],"about":[{"href":"https:\/\/www.mediaarthistory.org\/index.php?rest_route=\/wp\/v2\/types\/page"}],"author":[{"embeddable":true,"href":"https:\/\/www.mediaarthistory.org\/index.php?rest_route=\/wp\/v2\/users\/1"}],"replies":[{"embeddable":true,"href":"https:\/\/www.mediaarthistory.org\/index.php?rest_route=%2Fwp%2Fv2%2Fcomments&post=2215"}],"version-history":[{"count":14,"href":"https:\/\/www.mediaarthistory.org\/index.php?rest_route=\/wp\/v2\/pages\/2215\/revisions"}],"predecessor-version":[{"id":2239,"href":"https:\/\/www.mediaarthistory.org\/index.php?rest_route=\/wp\/v2\/pages\/2215\/revisions\/2239"}],"up":[{"embeddable":true,"href":"https:\/\/www.mediaarthistory.org\/index.php?rest_route=\/wp\/v2\/pages\/1375"}],"wp:attachment":[{"href":"https:\/\/www.mediaarthistory.org\/index.php?rest_route=%2Fwp%2Fv2%2Fmedia&parent=2215"}],"curies":[{"name":"wp","href":"https:\/\/api.w.org\/{rel}","templated":true}]}}