{"id":232,"date":"2011-12-18T14:28:55","date_gmt":"2011-12-18T13:28:55","guid":{"rendered":"http:\/\/www.mediaarthistory.org\/?page_id=232"},"modified":"2026-02-26T10:07:32","modified_gmt":"2026-02-26T09:07:32","slug":"network","status":"publish","type":"page","link":"https:\/\/www.mediaarthistory.org\/?page_id=232","title":{"rendered":"Network"},"content":{"rendered":"<p><strong>Media Art Histories Executive Board:<\/strong><\/p>\n<p>Najam ASSAR, MA, Lahore Digital Art Festival (PK) Founder<br \/>\nProf. Dr. Andres BURBANO, Open University of Catalunya, (ES)<br \/>\nProf. Dr. Sean CUBITT, Melbourne University (AU)<br \/>\nProf. Dr. Oliver GRAU, Society for the Histories of Media Art, Science and Technology (AT) (Conference founder and Chair)<br \/>\nDr. Laura LEUZZI, Robert Gordon University, Scotland (UK)<br \/>\nProf. Dr. Gunalan NADARAJAN, Ann Arbor Art and Design, University of Michigan (US)<br \/>\nProf Dr. Yu-Chuan TSENG, National Tsing Hua University (TW)<br \/>\nProf. Dr. Yael VAN-ESSEN, Tel Aviv University, (IL)<\/p>\n<p><strong>Media Art Histories Honorary Board:<\/strong><\/p>\n<p class=\"p1\">Rudolf ARNHEIM\u2020, Linda HENDERSON (active board member 2005-2018), Erkki HUHTAMO (active board member 2025-2023),\u00a0 Douglas KAHN (active board member 2005 &#8211; 2018), Martin KEMP (active board member 2005 &#8211; 2018), Machiko KUSAHARA (active board member 2005-2023) Tim LENIOR (active board member 2005-2016), Douglas DAVIS\u2020, Jasia REICHARDT, Itsuo SAKANE, Peter WEIBEL<\/p>\n<p><strong>Board Members, Conference Chairs, Keynotes &#8211; 2004-2015:<\/strong><br \/>\nRobert ADRIAN, Irina ARISTARKHOVA, Rudolf ARNHEIM, Inke ARNS, Tatiana BAZZICHELLI, Horst BREDEKAMP, Andreas BROECKMANN, Paul BROWN, Karin BRUNS, Annick BUREAUD, Ron BURNETT, Oron CATTS, Alessio CAVALLARO, Ted COLLESS, Edmond COUCHOT, Sarah COOK, Geoff COX, Juan CRUZ, Sean CUBITT, Dieter DANIELS, Lorraine DASTON, Douglas DAVIS, Sara DIAMOND, Steve DIETZ, Diana DOMINGUES, Timothy DRUCKREY, Felice FRANKEL, Rudolf FRIELING, Darko FRITZ, Jean GAGNON, Eleanor GATES-STUART, Charlie GERE, Gis\u00e8le TRUDEL, Oliver GRAU, Thomas GUNNING, Lisa GYE, Ross HARLEY, Jens HAUSER, Edwin van der HEIDE, Linda D. HENDERSON, Larissa HJORTH, Manrai HSU, Erkki HUHTAMO, Douglas KAHN, \u00c1ngel KALENBERG, Martin KEMP, Eric KLUITENBERG, Ryszard KLUSZCZYNSKI, Stephan KOVATS, Machiko KUSAHARA, Katja KWASTEK, Jorge LAFERLA, Andreas LANGE, Timothy LENOIR, Kim MACHAN, Tapio M\u00c4KEL\u00c4, Sarat MAHARAJ, Andy MAIH, Roger MALINA, Leon MARVELL, Armin MEDOSCH, W.J.T. MITCHELL, Anna MUNSTER, Gunalan NADARAJAN, Frieder NAKE, Daniel PALMER, Melentie PANDILOVSKI, Jussi PARIKKA, Christiane PAUL, Marko PELJHAN, Miklos PETERNAK, Louise POISSANT, Melinda RACKHAM, Jasia REICHERT, Ingeborg REICHLE, Frank POPPER, Itsuo SAKANE, Christopher SALTER, Lucia SANTAELLA, Nishant SHAH, Jeffrey SHAW, Bernd SHERER, Edward SHANKEN, Laura SILLARS, Rasa SMITE, Raitis SMITS, Barbara STAFFORD, Stelarc, Mike STUBBS, Helen STUCKEY, Audrey SMIRNOV, Paul THOMAS, Darren TOFTS, Mara TRAUMANE, Mark TRIBE, Gediminas URBONAS, Tereza WAGNER, Peter WEIBEL, Steven WILSON, Walter ZANINI, ZHANG Ga, Siegfried ZIELINSKI<\/p>\n<p><strong>Conference Advisory Board RE:TRACE 2017, Austria:<br \/>\n<\/strong>Carl AIGNER (Landesmuseum St. P\u00f6lten, AT); Jose Ramon ALCALA (University of Castilla La Mancha, ES); Giselle BEIGUELMAN (University of S\u00e3o Paulo, BR); Beatriz ESCRIBANO BELMAR (University of Castilla La Mancha, ES); Andreas BROECKMANN (Leuphana University L\u00fcneburg, DE); Andres BURBANO (Universidad de los Andes, CO); Valentino CATRICALA (University Roma Tre \/ Media Art Festival, IT);\u00a0 Sebastian EGENHOFER (University of Vienna, AT); Ksenia FEDOROVA (RU\/UC Davis, US); Sabine FLACH (University of Graz, AT); Katharina GS\u00d6LLPOINTNER (University of Applied Arts, Vienna, AT); Erkki HUHTAMO (University of California Los Angeles, US); Ryszard KLUSZCZYNSKI (University of Lodz, PL); Katja KWASTEK (Vrije Universiteit Amsterdam, NL); Daniel Cardoso LLACH (Carnegie Mellon University, US); Sjoukje van der MEULEN (Utrecht University, NL); Gunalan NADARAJAN (University of Michigan, US); Gerald NESTLER (Vienna, A); Ana PERAICA (Split, HR); Christopher SALTER (Concordia University, CA); Yukiko SHIKATA (Tokio, JP; Christa SOMMERER (University of Art and Design, Linz, AT); Morten S\u00f8NDERGAARD (Aalborg University, DK); Axel STOCKBURGER (Academy of Fine Arts, Vienna, AT); Gerfried STOCKER (Ars Electronica, Linz, AT); Eveline WANDL-VOGT (\u00d6AW, Vienna, AT).<\/p>\n<p><strong>Speakers 2005 &#8211; 2015 (Selection):<\/strong><br \/>\nIrina ARISTARKHOVA, Inke ARNS, Richard BARBROOK, Giselle BEIGUELMAN, Georgina BORN, Paul BROWN,\u00a0 Cornelius BORCK, Andreas BROECKMANN, Karin BRUNS, Jochen BR\u00dcNING, Andres BURBANO, Ron BURNETT, Mario CARPO, Jon CATES, Valentino CATRICAL\u00c0, Michael CENTURY, Manosh CHOWDHURY, Paolo CIRIO,\u00a0 Anne COLLINS GOODYEAR, Wendy COONES , Geoff COX , Sean CUBITT, Nina CZEGLEDY, Dieter DANIELS, Lorraine DASTON, Annet DEKKER, \u00a0Sara DIAMOND, Steve DIETZ, Diana DOMINGUES, Timothy DRUCKREY, Anne-Marie DUGUET, Frances DYSON, Patricia FALCAO,\u00a0 Sandra FAUCONNIER, Rudolf FRIELING, Darko FRITZ, Charlotte FROST, Kristoffer GANSING, Charlie GERE, Johannes GOEBEL, Beryl GRAHAM, Oliver GRAU, \u00a0Yara GUASQUE, Mark HANSEN, Jens HAUSER, Linda HENDERSON, Inge HINTERWALDNER, Kristoffer GANSING , Stefan HOELTGEN, Hanna H\u00d6LLING, David HOWES, Erkki HUHTAMO, Wendy HUI KYONG CHUN, \u00a0Jon IPPOLITO, Stephen JONES Slavko KACUNKO , Douglas KAHN, Sarah KENDERDINE, Denisa KERA, Ryszard KLUSZCZYNSKI, Stephan KOVATS, \u00a0Machiko KUSAHARA , Katja KWASTEK , Sylvie LACERTE, Martina LEEKER, Olia LIALINA,\u00a0 Patrick LICHTY,\u00a0 Jacob LILLEMOSE, Alessandro LUDOVICO, \u00a0Kim MACHAN, \u00a0Thomas MACHO Sarat MAHARAJ, Roger MALINA, Lev MANOVICH, Laura MARKS, Armin MEDOSCH, Lizzie MULLER, Anna MUNSTER, Gunalan NADARAJAN, Michael NAIMARK, Frieder NAKE, Maciej OZOG,\u00a0 Christiane PAUL, Eva PASCOE, Simon PENNY, Ana PERAICA, Miklos PETERNAK, Claus PIAS, Louise POISSANT, Jasia REICHARDT, Ingeborg REICHLE Martin RIESER , Nils R\u00d6LLER, Margit ROSEN, Itsuo SAKANE, Chris SALTER, Lucia SANTAELLA, Bernd SCHERER , Paul SERMON , Edward SHANKEN, Morten S\u00d8NDERGAARD, Barbara STAFFORD, Will STRAW, Margareta TILLBERG, \u00a0Robrecht VANDERBEEKEN, Joanna WALEWSKA, Peter WEIBEL, Simon WERRET, Florian WIENCEK, Siegfried ZIELINSKI, Andrea ZAPP<\/p>\n<p><strong>Director of MAH Headquarters<\/strong>, Wendy COONES<br \/>\n<strong>Society for the Histories of Media Art, Science and Technology<\/strong> (a registered Association in Austria : ZVR# 683618343)<\/p>\n","protected":false},"excerpt":{"rendered":"<p>Media Art Histories Executive Board: Najam ASSAR, MA, Lahore Digital Art Festival (PK) Founder Prof. Dr. Andres BURBANO, Open University of Catalunya, (ES) Prof. Dr. Sean CUBITT, Melbourne University (AU) Prof. Dr. Oliver GRAU, Society for the Histories of Media Art, Science and Technology (AT) (Conference founder and Chair) Dr. Laura LEUZZI, Robert Gordon University, Scotland (UK) Prof. Dr. Gunalan NADARAJAN, Ann Arbor Art and Design, University of Michigan (US) Prof Dr. Yu-Chuan TSENG, National Tsing Hua University (TW) Prof. Dr. Yael VAN-ESSEN, Tel Aviv University, (IL) Media Art Histories Honorary Board: Rudolf ARNHEIM\u2020, Linda HENDERSON (active board member 2005-2018), Erkki HUHTAMO (active board member 2025-2023),\u00a0 Douglas KAHN (active board member 2005 &#8211; 2018), Martin KEMP (active board member 2005 &#8211; 2018), Machiko KUSAHARA (active board member 2005-2023) Tim LENIOR (active board member 2005-2016), Douglas DAVIS\u2020, Jasia REICHARDT, Itsuo SAKANE, Peter WEIBEL Board Members, Conference Chairs, Keynotes &#8211; 2004-2015: Robert ADRIAN, Irina ARISTARKHOVA, Rudolf ARNHEIM, Inke ARNS, Tatiana BAZZICHELLI, Horst BREDEKAMP, Andreas BROECKMANN, Paul BROWN, Karin BRUNS, Annick BUREAUD, Ron BURNETT, Oron CATTS, Alessio CAVALLARO, Ted COLLESS, Edmond COUCHOT, Sarah COOK, Geoff COX, Juan CRUZ, Sean CUBITT, Dieter DANIELS, Lorraine DASTON, Douglas DAVIS, Sara DIAMOND, Steve DIETZ, Diana DOMINGUES, Timothy DRUCKREY, Felice FRANKEL, Rudolf FRIELING, Darko FRITZ, Jean GAGNON, Eleanor GATES-STUART, Charlie GERE, Gis\u00e8le TRUDEL, Oliver GRAU, Thomas GUNNING, Lisa GYE, Ross HARLEY, Jens HAUSER, Edwin van der HEIDE, Linda D. HENDERSON, Larissa HJORTH, Manrai HSU, Erkki HUHTAMO, Douglas KAHN, \u00c1ngel KALENBERG, Martin KEMP, Eric KLUITENBERG, Ryszard KLUSZCZYNSKI, Stephan KOVATS, Machiko KUSAHARA, Katja KWASTEK, Jorge LAFERLA, Andreas LANGE, Timothy LENOIR, Kim MACHAN, Tapio M\u00c4KEL\u00c4, Sarat MAHARAJ, Andy MAIH, Roger MALINA, Leon MARVELL, Armin MEDOSCH, W.J.T. MITCHELL, Anna MUNSTER, Gunalan NADARAJAN, Frieder NAKE, Daniel PALMER, Melentie PANDILOVSKI, Jussi PARIKKA, Christiane PAUL, Marko PELJHAN, Miklos PETERNAK, Louise POISSANT, Melinda RACKHAM, Jasia REICHERT, Ingeborg REICHLE, Frank POPPER, Itsuo SAKANE, Christopher SALTER, Lucia SANTAELLA, Nishant SHAH, Jeffrey SHAW, Bernd SHERER, Edward SHANKEN, Laura SILLARS, Rasa SMITE, Raitis SMITS, Barbara STAFFORD, Stelarc, Mike STUBBS, Helen STUCKEY, Audrey SMIRNOV, Paul THOMAS, Darren TOFTS, Mara TRAUMANE, Mark TRIBE, Gediminas URBONAS, Tereza WAGNER, Peter WEIBEL, Steven WILSON, Walter ZANINI, ZHANG Ga, Siegfried ZIELINSKI Conference Advisory Board RE:TRACE 2017, Austria: Carl AIGNER (Landesmuseum St. P\u00f6lten, AT); Jose Ramon ALCALA (University of Castilla La Mancha, ES); Giselle BEIGUELMAN (University of S\u00e3o Paulo, BR); Beatriz ESCRIBANO BELMAR (University of Castilla La Mancha, ES); Andreas BROECKMANN (Leuphana University L\u00fcneburg, DE); Andres BURBANO (Universidad de los Andes, CO); Valentino CATRICALA (University Roma Tre \/ Media Art Festival, IT);\u00a0 Sebastian EGENHOFER (University of Vienna, AT); Ksenia FEDOROVA (RU\/UC Davis, US); Sabine FLACH (University of Graz, AT); Katharina GS\u00d6LLPOINTNER (University of Applied Arts, Vienna, AT); Erkki HUHTAMO (University of California Los Angeles, US); Ryszard KLUSZCZYNSKI (University of Lodz, PL); Katja KWASTEK (Vrije Universiteit Amsterdam, NL); Daniel Cardoso LLACH (Carnegie Mellon University, US); Sjoukje van der MEULEN (Utrecht University, NL); Gunalan NADARAJAN (University of Michigan, US); Gerald NESTLER (Vienna, A); Ana PERAICA (Split, HR); Christopher SALTER (Concordia University, CA); Yukiko SHIKATA (Tokio, JP; Christa SOMMERER (University of Art and Design, Linz, AT); Morten S\u00f8NDERGAARD (Aalborg University, DK); Axel STOCKBURGER (Academy of Fine Arts, Vienna, AT); Gerfried STOCKER (Ars Electronica, Linz, AT); Eveline WANDL-VOGT (\u00d6AW, Vienna, AT). Speakers 2005 &#8211; 2015 (Selection): Irina ARISTARKHOVA, Inke ARNS, Richard BARBROOK, Giselle BEIGUELMAN, Georgina BORN, Paul BROWN,\u00a0 Cornelius BORCK, Andreas BROECKMANN, Karin BRUNS, Jochen BR\u00dcNING, Andres BURBANO, Ron BURNETT, Mario CARPO, Jon CATES, Valentino CATRICAL\u00c0, Michael CENTURY, Manosh CHOWDHURY, Paolo CIRIO,\u00a0 Anne COLLINS GOODYEAR, Wendy COONES , Geoff COX , Sean CUBITT, Nina CZEGLEDY, Dieter DANIELS, Lorraine DASTON, Annet DEKKER, \u00a0Sara DIAMOND, Steve DIETZ, Diana DOMINGUES, Timothy DRUCKREY, Anne-Marie DUGUET, Frances DYSON, Patricia FALCAO,\u00a0 Sandra FAUCONNIER, Rudolf FRIELING, Darko FRITZ, Charlotte FROST, Kristoffer GANSING, Charlie GERE, Johannes GOEBEL, Beryl GRAHAM, Oliver GRAU, \u00a0Yara GUASQUE, Mark HANSEN, Jens HAUSER, Linda HENDERSON, Inge HINTERWALDNER, Kristoffer GANSING , Stefan HOELTGEN, Hanna H\u00d6LLING, David HOWES, Erkki HUHTAMO, Wendy HUI KYONG CHUN, \u00a0Jon IPPOLITO, Stephen JONES Slavko KACUNKO , Douglas KAHN, Sarah KENDERDINE, Denisa KERA, Ryszard KLUSZCZYNSKI, Stephan KOVATS, \u00a0Machiko KUSAHARA , Katja KWASTEK , Sylvie LACERTE, Martina LEEKER, Olia LIALINA,\u00a0 Patrick LICHTY,\u00a0 Jacob LILLEMOSE, Alessandro LUDOVICO, \u00a0Kim MACHAN, \u00a0Thomas MACHO Sarat MAHARAJ, Roger MALINA, Lev MANOVICH, Laura MARKS, Armin MEDOSCH, Lizzie MULLER, Anna MUNSTER, Gunalan NADARAJAN, Michael NAIMARK, Frieder NAKE, Maciej OZOG,\u00a0 Christiane PAUL, Eva PASCOE, Simon PENNY, Ana PERAICA, Miklos PETERNAK, Claus PIAS, Louise POISSANT, Jasia REICHARDT, Ingeborg REICHLE Martin RIESER , Nils R\u00d6LLER, Margit ROSEN, Itsuo SAKANE, Chris SALTER, Lucia SANTAELLA, Bernd SCHERER , Paul SERMON , Edward SHANKEN, Morten S\u00d8NDERGAARD, Barbara STAFFORD, Will STRAW, Margareta TILLBERG, \u00a0Robrecht VANDERBEEKEN, Joanna WALEWSKA, Peter WEIBEL, Simon WERRET, Florian WIENCEK, Siegfried ZIELINSKI, Andrea ZAPP Director of MAH Headquarters, Wendy COONES Society for the Histories of Media Art, Science and Technology (a registered Association in Austria : ZVR# 683618343)<\/p>\n","protected":false},"author":1,"featured_media":0,"parent":0,"menu_order":60,"comment_status":"closed","ping_status":"closed","template":"","meta":[],"_links":{"self":[{"href":"https:\/\/www.mediaarthistory.org\/index.php?rest_route=\/wp\/v2\/pages\/232"}],"collection":[{"href":"https:\/\/www.mediaarthistory.org\/index.php?rest_route=\/wp\/v2\/pages"}],"about":[{"href":"https:\/\/www.mediaarthistory.org\/index.php?rest_route=\/wp\/v2\/types\/page"}],"author":[{"embeddable":true,"href":"https:\/\/www.mediaarthistory.org\/index.php?rest_route=\/wp\/v2\/users\/1"}],"replies":[{"embeddable":true,"href":"https:\/\/www.mediaarthistory.org\/index.php?rest_route=%2Fwp%2Fv2%2Fcomments&post=232"}],"version-history":[{"count":58,"href":"https:\/\/www.mediaarthistory.org\/index.php?rest_route=\/wp\/v2\/pages\/232\/revisions"}],"predecessor-version":[{"id":4869,"href":"https:\/\/www.mediaarthistory.org\/index.php?rest_route=\/wp\/v2\/pages\/232\/revisions\/4869"}],"wp:attachment":[{"href":"https:\/\/www.mediaarthistory.org\/index.php?rest_route=%2Fwp%2Fv2%2Fmedia&parent=232"}],"curies":[{"name":"wp","href":"https:\/\/api.w.org\/{rel}","templated":true}]}}