{"id":2503,"date":"2017-01-30T13:15:49","date_gmt":"2017-01-30T12:15:49","guid":{"rendered":"http:\/\/www.mediaarthistory.org\/?page_id=2503"},"modified":"2018-06-05T08:35:50","modified_gmt":"2018-06-05T07:35:50","slug":"retrace-cfp","status":"publish","type":"page","link":"https:\/\/www.mediaarthistory.org\/?page_id=2503","title":{"rendered":"Re:Trace 2017 call for papers (for reference purposes)"},"content":{"rendered":"<div class=\"shortcode1-4\">\n<p>&nbsp;<\/p>\n<p>This conference is for<br \/>\nthe following fields:<\/p>\n<p><em>art history\u00b7<\/em><br \/>\n<em> anthropology \u00b7<\/em><br \/>\n<em> architecture\u00b7<\/em><br \/>\n<em> archiving \u00b7<\/em><br \/>\n<em> biology \/ biomedical \u00b7<\/em><br \/>\n<em> computer science\u00b7<\/em><br \/>\n<em> climate research \u00b7<\/em><br \/>\n<em> collecting \u00b7<\/em><br \/>\n<em> cultural studies \u00b7<\/em><br \/>\n<em> cultural heritage \u00b7<\/em><br \/>\n<em> curating \u00b7<\/em><br \/>\n<em> cyberfeminism \u00b7<\/em><br \/>\n<em> cybernetics \u00b7<\/em><br \/>\n<em> digital humanities \u00b7<\/em><br \/>\n<em> documentation \u00b7<\/em><br \/>\n<em> ethnography \u00b7<\/em><br \/>\n<em> ecology \u00b7<\/em><br \/>\n<em> film studies \u00b7<\/em><br \/>\n<em> history of science \u00b7<\/em><br \/>\n<em> history of technology \u00b7<\/em><br \/>\n<em> image science \u00b7<\/em><br \/>\n<em> interaction \u00b7<\/em><br \/>\n<em> interculturalism \u00b7<\/em><br \/>\n<em> media archaeology \u00b7<\/em><br \/>\n<em> media art \u00b7<\/em><br \/>\n<em> media studies \u00b7<\/em><br \/>\n<em> museum direction \u00b7<\/em><br \/>\n<em> museum exhibit creation<\/em><br \/>\n<em> nano arts \u00b7<\/em><br \/>\n<em> neuroscience \u00b7<\/em><br \/>\n<em> performance \u00b7<\/em><br \/>\n<em> photography \u00b7<\/em><br \/>\n<em> pop culture \u00b7<\/em><br \/>\n<em> post-colonial \u00b7<\/em><br \/>\n<em> presence research \u00b7<\/em><br \/>\n<em> preservation \u00b7<\/em><br \/>\n<em> psychology \u00b7<\/em><br \/>\n<em> robotics \u00b7<\/em><br \/>\n<em> scenography<\/em><br \/>\n<em> science writing \u00b7<\/em><br \/>\n<em> social media \u00b7<\/em><br \/>\n<em> semiotics \u00b7<\/em><br \/>\n<em> sociology \u00b7<\/em><br \/>\n<em> sound studies \u00b7<\/em><br \/>\n<em> supercomputing \u00b7<\/em><br \/>\n<em> surveillance \u00b7<\/em><br \/>\n<em> teaching\u00b7<\/em><br \/>\n<em> theatre \u00b7<\/em><br \/>\n<em> visual culture<\/em><\/p>\n<\/div>\n<p>&nbsp;<\/p>\n<div class=\"shortcode3-4\"> <em>\u201cRecognizing the increasing significance of media art for our culture, this conference series on the<\/em><br \/>\n<em> Histories of Media Art will discuss for the first time the history of media art within the interdisciplinary and<\/em><br \/>\n<em> intercultural contexts of the histories of art. Numerous individuals and institutions collaborate to produce<br \/>\nthe<\/em><em> international art history conference series covering art and new media, art and technology,<br \/>\nart-science interaction, <\/em><em>and the history of media as pertinent to contemporary art.\u201c<br \/>\n<\/em><\/p>\n<hr \/>\n<p><strong><a href=\"http:\/\/moodle.donau-uni.ac.at\/class\/openconf.php\" target=\"_blank\">RE:TRACE 2017: Call for Papers\u00a0 <\/a><span style=\"color: #ff0000;\">[closed]<\/span> <\/strong><\/p>\n<p>The 7<sup>th<\/sup> International Conference on the Histories of Media Art, Science and Technology titled <strong><em>RE:TRACE<\/em><\/strong> focuses on an evaluation of the status of the meta-discipline MediaArtHistories today.<\/p>\n<p>More than a decade after the first conference founded the field now recognized worldwide as a significant historical inquiry at the intersection of art, science, and technology, Media Art Histories is now firmly established as a dynamic area of study guided by changing media and research priorities, drawing a growing community of scholars, artists and artist-researchers.<\/p>\n<p>Immersed in both contemporary and historiographical aspects of the digital world, we explore the most immediate socio-cultural questions of our time: from body futures, information society, and media (r)evolutions, to environmental interference, financial virtualization, and surveillance. And we do so through a fractal lens of inter- and trans-disciplinarity, bridging art history, media studies, neuroscience, psychology, sociology, and beyond. MediaArtHistories is a field whose theory, methods, and objects of study interweave with and overlay other disciplines.<\/p>\n<p>The organizing committee invites researchers of different areas, disciplines and practices to submit individual papers, posters and full panels with new and original research preferably in the following themes:<\/p>\n<ul>\n<li>MediaArtHistories \u2013 historiographies and futures of an ever-emerging field<\/li>\n<li>Institutional histories of Media Art<\/li>\n<li>Media Art &amp; Politics (surveillance, climate, visualizations, etc.)<\/li>\n<li>Collecting media art \/ Media Art market<\/li>\n<li>Archiving, preserving and representing Media Art<\/li>\n<li>Re-Use of cultural heritage data, including education, learning and research<\/li>\n<li>Methodologies and research tools for MediaArtHistories with a focus on Digital Humanities<\/li>\n<li>International and local histories and practices of media art<\/li>\n<li>(Post-)Colonial experiences and non-Western histories of media art, science and technology<\/li>\n<li>Paradigm shift \u2013 Digital vs. Post-Digital Theory<\/li>\n<li>Alternative histories for Media Art in relation to newly evolving or unexpected fields.<\/li>\n<li>Models and perspectives of research fields adapted across traditional disciplinary lines.<\/li>\n<li>New symbolic architecture of digital super companies (Apple, Amazon, Microsoft, FB, Google)<\/li>\n<\/ul>\n<p>&nbsp;<\/p>\n<p>The refereed conference program will include competitively selected, peer-reviewed individual papers, panel presentations and posters, as well as a small number of invited speakers. Presentations will be delivered in a range of formats, from panel discussions to a poster session. We particularly encourage submissions by researchers from international contexts outside of Europe and North America.<\/p>\n<p>KEYNOTE LECTURES and DEBATES with:<\/p>\n<p>+ Martin KEMP (emeritus professor Oxford University, British Academy, UK)<br \/>\n+ Wendy Hui CHUN (Brown University, US)<br \/>\n+ Ryszard KLUSZCZYNSKI (Universit\u00e4t Lodz, PL)<br \/>\n+ Morten S\u00f8NDERGAARD (Aalborg University, DAN)<br \/>\n+Sarah KENDERDINE \u00a0(University of New South Wales, AUS)<\/p>\n<hr \/>\n<p><strong><a href=\"http:\/\/moodle.donau-uni.ac.at\/class\/openconf.php\" target=\"_blank\">Extended Submission Deadline: April 12, 2017<\/a><br \/>\n<a href=\"http:\/\/moodle.donau-uni.ac.at\/class\/openconf.php\" target=\"_blank\">submit to the call &#8211; click here<\/a><br \/>\n<\/strong><\/p>\n<p>Notification of acceptance will be announced by May 10, 2017.<\/p>\n<p>Individual proposals for <strong><em>papers<\/em><\/strong> should consist of a max. 250-word abstract with title.<br \/>\nProposals for <strong><em>full panels<\/em><\/strong> should consist of a max. 500-word abstract outlining the panel and individual topics of confirmed speakers.<\/p>\n<p>Submission language is English.<\/p>\n<p>Submitters should upload a short bio file (Word), no longer than \u00bd page per person. The short bios will be used on the conference website together with your abstracts.<\/p>\n<hr \/>\n<p><strong>Initiated by the Media Art Histories Board (Steering Committee): <\/strong><\/p>\n<p>Prof. Dr. Sean CUBITT (Media and Communications \/ Goldsmiths University of London \/ UK); Univ.-Prof. Dr. Oliver GRAU, MAE (Image Science \/ Danube University \/ AT); Dr. Linda Dalrymple HENDERSON (Art History \/ University of Texas at Austin \/ US); Dr. Andreas BROECKMANN (Leuphana University of L\u00fcneburg, GER); Prof. Dr. Erkki HUHTAMO (University of California Los Angeles \/ US); Prof. Dr. Douglas KAHN (University of New South Wales, Sydney \/ AU); Prof. Dr. Machiko KUSAHARA ( Waseda University \/ Tokyo, Japan); Prof. Dr. Tim LENOIR (UC Davis \/ US); Prof. Dr. Gunalan NADARAJAN (University of Michigan \/ US); Prof. Dr. Paul THOMAS (Director \/ Fine Arts at College of Fine Art \/ University of New South Wales \/AU)<\/p>\n<p><strong>MAH Honorary Board:<\/strong> Martin KEMP, Jasia REICHARDT, Itsuo SAKANE, Peter WEIBEL,<br \/>\nDouglas DAVIS \u2020, Rudolf ARNHEIM \u2020<\/p>\n<p><strong>Conference dates: <\/strong>November 23\u201325 , 2017, Krems (World Cultural Heritage) &amp; Austrian Academy of Sciences (\u00d6AW), hosted by DANUBE UNIVERSITY and \u00d6AW<\/p>\n<p>&nbsp;<\/p>\n<p><strong>Co-Chairs RE:TRACE: <\/strong>Oliver GRAU &amp; Inge HINTERWALDNER<\/p>\n<p><strong>Conference Advisory Board RE:TRACE:<br \/>\n<\/strong>Carl AIGNER (Landesmuseum St. P\u00f6lten, AT); Jose Ramon ALCALA (University of Castilla La Mancha, ES); Giselle BEIGUELMAN (University of S\u00e3o Paulo, BR); Beatriz ESCRIBANO BELMAR (University of Castilla La Mancha, ES); Andreas BROECKMANN (Leuphana University L\u00fcneburg, DE); Andres BURBANO (Universidad de los Andes, CO); Valentino CATRICALA (University Roma Tre \/ Media Art Festival, IT);\u00a0 Sebastian EGENHOFER (University of Vienna, AT); Ksenia FEDOROVA (RU\/UC Davis, US); Sabine FLACH (University of Graz, AT); Katharina GS\u00d6LLPOINTNER (University of Applied Arts, Vienna, AT); Erkki HUHTAMO (University of California Los Angeles, US); Ryszard KLUSZCZYNSKI (University of Lodz, PL); Katja KWASTEK (Vrije Universiteit Amsterdam, NL); Daniel Cardoso LLACH (Carnegie Mellon University, US); Sjoukje van der MEULEN (Utrecht University, NL); Gunalan NADARAJAN (University of Michigan, US); Gerald NESTLER (Vienna, A); Ana PERAICA (Split, HR); Christopher SALTER (Concordia University, CA); Yukiko SHIKATA (Tokio, JP; Christa SOMMERER (University of Art and Design, Linz, AT); Morten S\u00f8NDERGAARD (Aalborg University, DK); Axel STOCKBURGER (Academy of Fine Arts, Vienna, AT); Gerfried STOCKER (Ars Electronica, Linz, AT); Eveline WANDL-VOGT (\u00d6AW, Vienna, AT).<\/p>\n<p>&nbsp;<\/p>\n<p><strong>Venues:<\/strong><\/p>\n<p><strong>Danube University<\/strong><strong> \/ <\/strong>Located 70km from Vienna in the UNESCO World Heritage Wachau region, Danube University is the only public university in Europe specializing in advanced continuing education by offering low-residency degree programs for working professionals and life-long learners. Located at both a modern university campus and in the G\u00f6ttweig Monastery, the Dept. for Image Science is an internationally unique institution for research and innovative teaching with an international faculty, at this point 120 scholars from various nations and disciplines. The innovative approach of the Department\u00a0for Image Science with the close connection to practice has developed the <a href=\"http:\/\/www.digitalartarchive.at\">Archive of Digital Art<\/a> and founded in 2006 the low-residency <a href=\"http:\/\/www.mediacultures.net\/mah\">MediaArtHistories-Advanced, MA<\/a> answering the need for international, post-graduate studies.<\/p>\n<p><strong>Austrian Academy of Sciences, Vienna<\/strong> \/ The vibrant capital of the Republic of Austria in Central Europe meeting international travel standards with safe and exciting surroundings that embrace culture both old and new. Planning for Vienna is being organized with partner institutions and colleagues. Fast and frequent public transportation between Vienna and Krems allows for a blending of two locations into one venue, distributing separate days in each venue.<\/p>\n<p><strong>Links:<\/strong><br \/>\n<a href=\"http:\/\/moodle.donau-uni.ac.at\/class\/openconf.php\" target=\"_blank\">Re:Trace call for papers<\/a><br \/>\n<a href=\"http:\/\/www.mediacultures.net\/mah\" target=\"_blank\">MediaArtHistories-Advanced, MA<\/a><br \/>\n<a href=\"http:\/\/www.digitalartarchive.at\" target=\"_blank\">Archive of Digital Art<\/a><br \/>\n<a href=\"https:\/\/www.academia.edu\/30551255\/What_is_MediaArtHistories_.pdf\" target=\"_blank\">CfP RE:TRACE 2017 on Academia.edu<\/a><br \/>\n<em>\u00a0<\/em><\/p>\n<p><strong>Partners:<\/strong><\/p>\n<table style=\"border-width: 0px;\">\n<tbody>\n<tr>\n<td style=\"border-width: 0px;\"><a href=\"http:\/\/www.donau-uni.ac.at\"><img loading=\"lazy\" class=\"alignnone wp-image-2640\" src=\"http:\/\/www.mediaarthistory.org\/wp-content\/uploads\/2017\/01\/LOGO-DONAU-UNIohnehintergrund_blau.gif\" alt=\"LOGO DONAU-UNIohnehintergrund_blau\" width=\"94\" height=\"95\" \/><\/a><a href=\"http:\/\/www.mediaarthistory.org\/wp-content\/uploads\/2017\/01\/LOGO-DONAU-UNIohnehintergrund_blau.gif\"><br \/>\n<\/a><\/td>\n<td style=\"border-width: 0px;\"><a href=\"http:\/\/www.oeaw.ac.at\/\"><img loading=\"lazy\" class=\"alignnone wp-image-2639\" src=\"http:\/\/www.mediaarthistory.org\/wp-content\/uploads\/2017\/01\/\u00d6AW_Logo_rgb-300x130.jpg\" alt=\"\u00d6AW_Logo_rgb\" width=\"217\" height=\"94\" srcset=\"https:\/\/www.mediaarthistory.org\/wp-content\/uploads\/2017\/01\/\u00d6AW_Logo_rgb-300x130.jpg 300w, https:\/\/www.mediaarthistory.org\/wp-content\/uploads\/2017\/01\/\u00d6AW_Logo_rgb-1024x444.jpg 1024w, https:\/\/www.mediaarthistory.org\/wp-content\/uploads\/2017\/01\/\u00d6AW_Logo_rgb.jpg 1772w\" sizes=\"(max-width: 217px) 100vw, 217px\" \/><\/a><a href=\"http:\/\/www.mediaarthistory.org\/wp-content\/uploads\/2017\/01\/\u00d6AW_Logo_rgb.jpg\"><br \/>\n<\/a><\/td>\n<td style=\"border-width: 0px;\"><a href=\"http:\/\/www.ae-info.org\/\"><img loading=\"lazy\" class=\"alignnone wp-image-2643\" src=\"http:\/\/www.mediaarthistory.org\/wp-content\/uploads\/2017\/01\/AE-logo-main-02-281x300.jpg\" alt=\"AE-logo-main-02\" width=\"113\" height=\"120\" srcset=\"https:\/\/www.mediaarthistory.org\/wp-content\/uploads\/2017\/01\/AE-logo-main-02-281x300.jpg 281w, https:\/\/www.mediaarthistory.org\/wp-content\/uploads\/2017\/01\/AE-logo-main-02.jpg 424w\" sizes=\"(max-width: 113px) 100vw, 113px\" \/><\/a><\/td>\n<td style=\"border-width: 0px;\"><a href=\"https:\/\/www.hu-berlin.de\/en\/\"><img loading=\"lazy\" class=\"alignnone wp-image-2642 size-full\" src=\"http:\/\/www.mediaarthistory.org\/wp-content\/uploads\/2017\/01\/husiegel_bw.jpg\" alt=\"husiegel_bw\" width=\"94\" height=\"94\" srcset=\"https:\/\/www.mediaarthistory.org\/wp-content\/uploads\/2017\/01\/husiegel_bw.jpg 94w, https:\/\/www.mediaarthistory.org\/wp-content\/uploads\/2017\/01\/husiegel_bw-150x150.jpg 150w\" sizes=\"(max-width: 94px) 100vw, 94px\" \/><\/a><\/td>\n<\/tr>\n<tr>\n<td style=\"border-width: 0px;\" colspan=\"2\"><a href=\"https:\/\/www.digitalartarchive.at\"><img loading=\"lazy\" class=\"alignnone wp-image-2644 size-medium\" src=\"http:\/\/www.mediaarthistory.org\/wp-content\/uploads\/2017\/01\/logo-freigestellt-300x64.jpg\" alt=\"logo freigestellt\" width=\"300\" height=\"64\" srcset=\"https:\/\/www.mediaarthistory.org\/wp-content\/uploads\/2017\/01\/logo-freigestellt-300x64.jpg 300w, https:\/\/www.mediaarthistory.org\/wp-content\/uploads\/2017\/01\/logo-freigestellt.jpg 471w\" sizes=\"(max-width: 300px) 100vw, 300px\" \/><\/a><a href=\"http:\/\/www.mediaartscultures.eu\/mediaac\/\"><img loading=\"lazy\" class=\"alignnone wp-image-2638 size-medium\" src=\"http:\/\/www.mediaarthistory.org\/wp-content\/uploads\/2017\/01\/mediaAC_logo-solo-300x59.png\" alt=\"mediaAC_logo-solo\" width=\"300\" height=\"59\" srcset=\"https:\/\/www.mediaarthistory.org\/wp-content\/uploads\/2017\/01\/mediaAC_logo-solo-300x59.png 300w, https:\/\/www.mediaarthistory.org\/wp-content\/uploads\/2017\/01\/mediaAC_logo-solo.png 601w\" sizes=\"(max-width: 300px) 100vw, 300px\" \/><\/a><\/td>\n<td style=\"border-width: 0px;\" colspan=\"2\"><a href=\"https:\/\/www.kunsthalle.at\/en\/kunsthalle-krems\"><img loading=\"lazy\" class=\"alignnone wp-image-2641 size-medium\" src=\"http:\/\/www.mediaarthistory.org\/wp-content\/uploads\/2017\/01\/KHK_schwarz-300x39.jpg\" alt=\"KHK_schwarz\" width=\"300\" height=\"39\" srcset=\"https:\/\/www.mediaarthistory.org\/wp-content\/uploads\/2017\/01\/KHK_schwarz-300x39.jpg 300w, https:\/\/www.mediaarthistory.org\/wp-content\/uploads\/2017\/01\/KHK_schwarz-1024x132.jpg 1024w, https:\/\/www.mediaarthistory.org\/wp-content\/uploads\/2017\/01\/KHK_schwarz.jpg 1688w\" sizes=\"(max-width: 300px) 100vw, 300px\" \/><\/a><\/td>\n<\/tr>\n<tr>\n<td style=\"border-width: 0px;\" colspan=\"2\"><a href=\"http:\/\/www.mediaarthistory.org\/wp-content\/uploads\/2017\/06\/logo-wissenschaftLandNOE.jpg\"><img loading=\"lazy\" class=\"alignnone size-medium wp-image-2979\" src=\"http:\/\/www.mediaarthistory.org\/wp-content\/uploads\/2017\/06\/logo-wissenschaftLandNOE-300x70.jpg\" alt=\"logo-wissenschaftLandNOE\" width=\"300\" height=\"70\" srcset=\"https:\/\/www.mediaarthistory.org\/wp-content\/uploads\/2017\/06\/logo-wissenschaftLandNOE-300x70.jpg 300w, https:\/\/www.mediaarthistory.org\/wp-content\/uploads\/2017\/06\/logo-wissenschaftLandNOE-1024x239.jpg 1024w\" sizes=\"(max-width: 300px) 100vw, 300px\" \/><\/a><\/td>\n<td style=\"border-width: 0px;\" colspan=\"2\"><a href=\"http:\/\/www.leonardo.info\/index.html\"><img loading=\"lazy\" class=\"alignnone size-full wp-image-2645\" src=\"http:\/\/www.mediaarthistory.org\/wp-content\/uploads\/2017\/01\/leonardo-logo.gif\" alt=\"leonardo-logo\" width=\"243\" height=\"67\" \/><\/a><\/td>\n<\/tr>\n<\/tbody>\n<\/table>\n<\/div>\n","protected":false},"excerpt":{"rendered":"<p>&nbsp;<\/p>\n","protected":false},"author":1,"featured_media":0,"parent":0,"menu_order":15,"comment_status":"closed","ping_status":"closed","template":"","meta":[],"_links":{"self":[{"href":"https:\/\/www.mediaarthistory.org\/index.php?rest_route=\/wp\/v2\/pages\/2503"}],"collection":[{"href":"https:\/\/www.mediaarthistory.org\/index.php?rest_route=\/wp\/v2\/pages"}],"about":[{"href":"https:\/\/www.mediaarthistory.org\/index.php?rest_route=\/wp\/v2\/types\/page"}],"author":[{"embeddable":true,"href":"https:\/\/www.mediaarthistory.org\/index.php?rest_route=\/wp\/v2\/users\/1"}],"replies":[{"embeddable":true,"href":"https:\/\/www.mediaarthistory.org\/index.php?rest_route=%2Fwp%2Fv2%2Fcomments&post=2503"}],"version-history":[{"count":47,"href":"https:\/\/www.mediaarthistory.org\/index.php?rest_route=\/wp\/v2\/pages\/2503\/revisions"}],"predecessor-version":[{"id":2983,"href":"https:\/\/www.mediaarthistory.org\/index.php?rest_route=\/wp\/v2\/pages\/2503\/revisions\/2983"}],"wp:attachment":[{"href":"https:\/\/www.mediaarthistory.org\/index.php?rest_route=%2Fwp%2Fv2%2Fmedia&parent=2503"}],"curies":[{"name":"wp","href":"https:\/\/api.w.org\/{rel}","templated":true}]}}