{"id":4683,"date":"2024-05-04T11:35:59","date_gmt":"2024-05-04T10:35:59","guid":{"rendered":"https:\/\/www.mediaarthistory.org\/?page_id=4683"},"modified":"2025-06-08T11:36:51","modified_gmt":"2025-06-08T10:36:51","slug":"regenerative-2025","status":"publish","type":"page","link":"https:\/\/www.mediaarthistory.org\/?page_id=4683","title":{"rendered":"Re:Generative 2025"},"content":{"rendered":"\n<figure class=\"wp-block-image size-full\"><img loading=\"lazy\" width=\"940\" height=\"330\" src=\"http:\/\/www.mediaarthistory.org\/wp-content\/uploads\/2024\/06\/regnerative_logo1.png\" alt=\"\" class=\"wp-image-4729\" srcset=\"https:\/\/www.mediaarthistory.org\/wp-content\/uploads\/2024\/06\/regnerative_logo1.png 940w, https:\/\/www.mediaarthistory.org\/wp-content\/uploads\/2024\/06\/regnerative_logo1-300x105.png 300w, https:\/\/www.mediaarthistory.org\/wp-content\/uploads\/2024\/06\/regnerative_logo1-768x270.png 768w\" sizes=\"(max-width: 940px) 100vw, 940px\" \/><\/figure>\n\n\n\n<p><strong>The 11th International Conference on the Histories of Media Art, Science and Technology titled Re:generative took place in Colombia May 2025.<\/strong><\/p>\n\n\n\n<p><strong>Conference dates: May 5\u20139, 2025 in Manizales (World Cultural Heritage Site) &amp; Bogot\u00e0 (Capital City) in Colombia.<\/strong><br><br>https:\/\/festivaldelaimagen.com\/en\/media-art-history-conference\/<\/p>\n\n\n\n<p>In a context of profound changes and transformations, the regenerative is presented as an alternative to restore, renew or reconstruct lost or invisible memories. From the perspective of sustainability, the regenerative implies thinking about actions that imply survival as a vital matter of engendering for its re-existence.<\/p>\n\n\n\n<p>The organizing committee invites researchers of different areas, disciplines and practices to submit individual papers, posters and full panels with new and original research preferably in the following themes:<\/p>\n\n\n\n<p>The organizing committee invites researchers of different areas, disciplines and practices to submit individual papers, posters and full panels with new and original research preferably in the following themes:<\/p>\n\n\n\n<ul><li>Individuals, groups and communities co-creating and co-designing<\/li><li>Circular dynamics, economies and autonomous practices<\/li><li>Open knowledge mediated by art&nbsp;&amp; science, and disseminated democratically<\/li><li>Innovation based on the reinterpretation and validity of ancestral memory<\/li><li>Future Memories: Documentation, Preservation and new Tools for Research &amp; Archiving<\/li><li>Pioneers of Media Art<\/li><\/ul>\n\n\n\n<p><br>Conference language is English and Spanish with simultaneous translation between the two languages available during the conference.<br><\/p>\n\n\n\n<p>Re.generative 2025 is held in conjunction with the 24th International Image Festival, organized by the University of Caldas, in Manizales, and the University of Bogota Jorge Tadeo Lozano. (Link to Festival) Re.generative conference delegates will have ample opportunities to also attend artistic activities (exhibitions, concerts, Media Art shows, among others).<\/p>\n\n\n\n<p><strong>Conference dates: May 5\u201310, 2025 in Manizales (World Cultural Heritage Site) &amp; Bogot\u00e0 (Capital City) in Colombia.<\/strong><\/p>\n\n\n\n<figure class=\"wp-block-gallery columns-0 is-cropped\"><ul class=\"blocks-gallery-grid\"><\/ul><\/figure>\n\n\n\n<p><\/p>\n\n\n\n<p>Initiated by the Media Art Histories Executive Board:<br>Najam ASSAR (PK, DK), Andres BURBANO (CO\/ES), Sean CUBITT (AU ), Oliver GRAU, (DE\/AT) (Conference founder and Chair), Inge HINTERWALDNER (DE), Laura LEUZZI (UK), Gunalan NADARAJAN (SG\/US) Chris SALTER (CH), Yu-Chuan TSENG (TW)<\/p>\n\n\n\n<p><strong>Organizing Committee<\/strong><br><em>Universidad de Caldas<\/em> &#8211; Carolina Salguero, Walter Casta\u00f1eda, William Ospina, Oscar Villota, C\u00e9sar Arias, Mario Valencia, Margarita Villegas, Carolina Calder\u00f3n<br><em>Universidad de Bogot\u00e1 Jorge Tadeo Lozano<\/em> &#8211; Felipe Cesar Londo\u00f1o, D.A. Quevedo Restrepo, Elkin Rubiano, Alfredo Guti\u00e9rrez<\/p>\n\n\n\n<p>Media Art History Conf &#8211; <strong>Re.generative 2025 Board<\/strong><br>Ibero-American Observatory of Digital and Electronic Arts OIADE Board &#8211; Jose Ram\u00f3n Alcal\u00e1. Spain, Daniel Argente. Uruguay, Humberto Valdivieso. Venezuela, Emilio Mart\u00ednez. Spain, Ricardo Dal Farra. Concordia University. Montreal, Andres Burbano (CO-ES), Raquel Caerols. Universidad Complutense de Madrid, Cleomar Rocha. MediaLab Brasil, Daniel Cruz. MAC Chile, Tania Aedo. UNAM Mexico.<\/p>\n\n\n\n<p>Re:generative <strong>Co-Chairs:<\/strong><br>Carolina Salguero. Universidad de Caldas. Manizales<br>Felipe Cesar Londo\u00f1o. Universidad de Bogot\u00e1 Jorge Tadeo Lozano<br><br><\/p>\n\n\n\n<p>International partner institutions:<br>Maestr\u00eda en Artes Mediales, Universidad de Chile<br>Museo de Arte Contempor\u00e1neo de Chile<br>Maestr\u00eda en Dise\u00f1o Interactivo, Universidad de Buenos Airees Argentina Universidad Federal de Goias, Brasil<br>C\u00e1tedra Max Aub UNAM Mexico<br>Ibero-American Observatory of Digital and Electronic Arts OIADE<br>Southern Network for Science, Arts and Technolog. RedCatSur<\/p>\n\n\n\n<p><br>In cooperation with: the Ibero-American Observatory of Digital and Electronic Arts (OIADE)<br><\/p>\n\n\n\n<p><br>The <strong>Call for Papers, Posters and Panels<\/strong> was open until August 26, 2024 &#8211; <a rel=\"noreferrer noopener\" href=\"https:\/\/www.mediaarthistory.org\/?page_id=4688\" target=\"_blank\">More information and link to call<\/a>.<\/p>\n","protected":false},"excerpt":{"rendered":"<p>The 11th International Conference on the Histories of Media Art, Science and Technology titled Re:generative took place in Colombia May 2025. Conference dates: May 5\u20139, 2025 in Manizales (World Cultural Heritage Site) &amp; Bogot\u00e0 (Capital City) in Colombia. https:\/\/festivaldelaimagen.com\/en\/media-art-history-conference\/ In a context of profound changes and transformations, the regenerative is presented as an alternative to restore, renew or reconstruct lost or invisible memories. From the perspective of sustainability, the regenerative implies thinking about actions that imply survival as a vital matter of engendering for its re-existence. The organizing committee invites researchers of different areas, disciplines and practices to submit individual papers, posters and full panels with new and original research preferably in the following themes: The organizing committee invites researchers of different areas, disciplines and practices to submit individual papers, posters and full panels with new and original research preferably in the following themes: Individuals, groups and communities co-creating and co-designing Circular dynamics, economies and autonomous practices Open knowledge mediated by art&nbsp;&amp; science, and disseminated democratically Innovation based on the reinterpretation and validity of ancestral memory Future Memories: Documentation, Preservation and new Tools for Research &amp; Archiving Pioneers of Media Art Conference language is English and Spanish with simultaneous translation between the two languages available during the conference. Re.generative 2025 is held in conjunction with the 24th International Image Festival, organized by the University of Caldas, in Manizales, and the University of Bogota Jorge Tadeo Lozano. (Link to Festival) Re.generative conference delegates will have ample opportunities to also attend artistic activities (exhibitions, concerts, Media Art shows, among others). Conference dates: May 5\u201310, 2025 in Manizales (World Cultural Heritage Site) &amp; Bogot\u00e0 (Capital City) in Colombia. Initiated by the Media Art Histories Executive Board:Najam ASSAR (PK, DK), Andres BURBANO (CO\/ES), Sean CUBITT (AU ), Oliver GRAU, (DE\/AT) (Conference founder and Chair), Inge HINTERWALDNER (DE), Laura LEUZZI (UK), Gunalan NADARAJAN (SG\/US) Chris SALTER (CH), Yu-Chuan TSENG (TW) Organizing CommitteeUniversidad de Caldas &#8211; Carolina Salguero, Walter Casta\u00f1eda, William Ospina, Oscar Villota, C\u00e9sar Arias, Mario Valencia, Margarita Villegas, Carolina Calder\u00f3nUniversidad de Bogot\u00e1 Jorge Tadeo Lozano &#8211; Felipe Cesar Londo\u00f1o, D.A. Quevedo Restrepo, Elkin Rubiano, Alfredo Guti\u00e9rrez Media Art History Conf &#8211; Re.generative 2025 BoardIbero-American Observatory of Digital and Electronic Arts OIADE Board &#8211; Jose Ram\u00f3n Alcal\u00e1. Spain, Daniel Argente. Uruguay, Humberto Valdivieso. Venezuela, Emilio Mart\u00ednez. Spain, Ricardo Dal Farra. Concordia University. Montreal, Andres Burbano (CO-ES), Raquel Caerols. Universidad Complutense de Madrid, Cleomar Rocha. MediaLab Brasil, Daniel Cruz. MAC Chile, Tania Aedo. UNAM Mexico. Re:generative Co-Chairs:Carolina Salguero. Universidad de Caldas. ManizalesFelipe Cesar Londo\u00f1o. Universidad de Bogot\u00e1 Jorge Tadeo Lozano International partner institutions:Maestr\u00eda en Artes Mediales, Universidad de ChileMuseo de Arte Contempor\u00e1neo de ChileMaestr\u00eda en Dise\u00f1o Interactivo, Universidad de Buenos Airees Argentina Universidad Federal de Goias, BrasilC\u00e1tedra Max Aub UNAM MexicoIbero-American Observatory of Digital and Electronic Arts OIADESouthern Network for Science, Arts and Technolog. RedCatSur In cooperation with: the Ibero-American Observatory of Digital and Electronic Arts (OIADE) The Call for Papers, Posters and Panels was open until August 26, 2024 &#8211; More information and link to call.<\/p>\n","protected":false},"author":1,"featured_media":0,"parent":0,"menu_order":0,"comment_status":"closed","ping_status":"closed","template":"","meta":[],"_links":{"self":[{"href":"https:\/\/www.mediaarthistory.org\/index.php?rest_route=\/wp\/v2\/pages\/4683"}],"collection":[{"href":"https:\/\/www.mediaarthistory.org\/index.php?rest_route=\/wp\/v2\/pages"}],"about":[{"href":"https:\/\/www.mediaarthistory.org\/index.php?rest_route=\/wp\/v2\/types\/page"}],"author":[{"embeddable":true,"href":"https:\/\/www.mediaarthistory.org\/index.php?rest_route=\/wp\/v2\/users\/1"}],"replies":[{"embeddable":true,"href":"https:\/\/www.mediaarthistory.org\/index.php?rest_route=%2Fwp%2Fv2%2Fcomments&post=4683"}],"version-history":[{"count":16,"href":"https:\/\/www.mediaarthistory.org\/index.php?rest_route=\/wp\/v2\/pages\/4683\/revisions"}],"predecessor-version":[{"id":4807,"href":"https:\/\/www.mediaarthistory.org\/index.php?rest_route=\/wp\/v2\/pages\/4683\/revisions\/4807"}],"wp:attachment":[{"href":"https:\/\/www.mediaarthistory.org\/index.php?rest_route=%2Fwp%2Fv2%2Fmedia&parent=4683"}],"curies":[{"name":"wp","href":"https:\/\/api.w.org\/{rel}","templated":true}]}}